{"id":3020,"date":"2016-02-23T12:18:35","date_gmt":"2016-02-23T12:18:35","guid":{"rendered":"http:\/\/matronasdenavarra.com\/wp\/la-asociacion\/quienes-somos-2\/"},"modified":"2018-11-26T13:20:15","modified_gmt":"2018-11-26T12:20:15","slug":"presentacion","status":"publish","type":"page","link":"https:\/\/matronasdenavarra.com\/EU\/la-asociacion\/presentacion\/","title":{"rendered":"Presentaci\u00f3n"},"content":{"rendered":"<h5>ACOMPA\u00d1AR, AYUDAR, ESCUCHAR, EMPATIZAR A LA MUJER<\/h5>\n<h5><img loading=\"lazy\" decoding=\"async\" class=\"alignnone wp-image-3269 size-full\" src=\"http:\/\/matronasdenavarra.com\/wp\/wp-content\/uploads\/2016\/02\/bannerasociacionnuevo.jpg\" alt=\"\" width=\"1170\" height=\"300\" srcset=\"https:\/\/matronasdenavarra.com\/wp-content\/uploads\/2016\/02\/bannerasociacionnuevo.jpg 1170w, https:\/\/matronasdenavarra.com\/wp-content\/uploads\/2016\/02\/bannerasociacionnuevo-300x77.jpg 300w, https:\/\/matronasdenavarra.com\/wp-content\/uploads\/2016\/02\/bannerasociacionnuevo-1024x263.jpg 1024w\" sizes=\"auto, (max-width: 1170px) 100vw, 1170px\" \/><\/h5>\n<h5>CONOCE QUE PODEMOS HACER POR TI<\/h5>\n<p>El objeto de estas l\u00edneas es que las mujeres Navarras y sus familias conozcan un poquito m\u00e1s la <strong><span style=\"color: #ee7cab;\">Asociaci\u00f3n Navarra de Matronas<\/span><\/strong>; especialmente lo que las matronas pueden hacer por <strong><span style=\"color: #ee7cab;\">ayudar- acompa\u00f1ar profesionalmente a las mujeres<\/span><\/strong>; que las mujeres navarras y sus familias, conozcan nuestra aportaci\u00f3n como profesionales de la salud especialistas en salud integral de la mujer a lo largo de todo el ciclo vital, salud sexual y reproductiva, con especial incidencia en etapas cr\u00edticas como adolescencia, maternidad y climaterio.<\/p>\n<p>La necesidad de acompa\u00f1amiento f\u00edsico, s\u00edquico y emocional de la mujer en proceso de parto frecuentemente reconocido y es la matrona la profesional que atiende estas necesidades de la mujer de parto, convirti\u00e9ndose en el <strong><span style=\"color: #ee7cab;\">APOYO, AYUDA y ACOMPA\u00d1AMIENTO<\/span> <\/strong>de la mujer y su pareja.<\/p>\n<p>Insistir en la transcendencia del parto y nacimiento y en la vulnerabilidad de sus protagonistas, madre y criatura. La satisfacci\u00f3n de la mujer con su experiencia de parto es mas relevante de lo que pueda parecer, va a influir en la vinculaci\u00f3n materno-filial, en la lactancia, en la autoestima de la mujer y en la salud de la familia. Esta es la aportaci\u00f3n de la matrona m\u00e1s visible por las mujeres y sus familias, pero no la \u00fanica.<\/p>\n<p>La <strong><span style=\"color: #ee7cab;\">matrona<\/span><\/strong> como <strong><span style=\"color: #ee7cab;\">profesional reconocido internacionalmente en todos los sistemas sanitarios<\/span><\/strong> hace su aportaci\u00f3n desde la normalidad- fisiol\u00f3gica; considerando y tratando los procesos de pubertad, embarazo, parto, puerperio y climaterio como fisiol\u00f3gicos, inherentes a la propia naturaleza de la mujer y que necesitan en primer lugar y principalmente <strong><span style=\"color: #ee7cab;\">APOYO PROFESIONAL, basado en la RELACI\u00d3N DE AYUDA, CON ALTAS DOSIS DE ESCUCHA ACTIVA Y EMPATIA<\/span><\/strong> para promover que estos procesos fluyan con normalidad.<\/p>\n<p>La matrona desarrolla su <strong><span style=\"color: #ee7cab;\">labor profesional a trav\u00e9s de programas de salud<\/span><\/strong> y sus correspondientes protocolos de actuaci\u00f3n en los diferentes \u00e1mbitos (salud sexual y reproductiva, embarazo, parto, puerperio, climaterio); siendo sus <strong><span style=\"color: #ee7cab;\">principales objetivos<\/span> <span style=\"color: #ee7cab;\">promover salud y prevenir enfermedades, adem\u00e1s de ayudar a la recuperaci\u00f3n de la salud y teniendo como principal instrumento de trabajo la educaci\u00f3n sanitaria tanto individual como en grupo.<\/span><\/strong><\/p>\n<p><strong><span style=\"color: #ee7cab;\">Una atenci\u00f3n por parte de la matrona integral<\/span> <\/strong>(bio-psico-social y espiritual) y de calidad a las mujeres en estas etapas <strong><span style=\"color: #ee7cab;\">es una buena inversi\u00f3n en salud y conllevara aumento de salud y disminuci\u00f3n de los procesos patol\u00f3gico<\/span><\/strong>s. Cundo hablamos de <strong><span style=\"color: #ee7cab;\">aumentar la salud<\/span><\/strong> nos referimos, por ejemplo a ayudar a las personas, mujeres y hombres, a conocerse, aceptarse y expresar la er\u00f3tica satisfactoriamente, objetivo general de la educaci\u00f3n sexual; a conseguir bienestar f\u00edsico, mental y social en las distintas etapas del ciclo vital de la mujer , (adolescencia, maternidad y climaterio). Cuando hablamos de prevenir, nos referimos a disminuir los riesgos de embarazos no deseados, abortos y enfermedades de transmisi\u00f3n sexual principalmente.<\/p>\n<p>Si nos paramos a observar el ciclo vital de la mujer, especialmente en el \u00e1mbito sexual yreproductivo, llama la atenci\u00f3n altas tasas de intervenci\u00f3n y medicalizaci\u00f3n en etapas como la adolescencia, la maternidad y el climaterio; son etapas criticas en la vida de la mujer, que es necesario atender si nos planteamos promover la salud y prevenir la enfermedad y este es nuestro \u00e1mbito m\u00e1s legitimo; <strong><span style=\"color: #ee7cab;\">la matrona realiza su actividad profesional centrada en las necesidades de cada mujer y su familia<\/span><\/strong>, de acuerdo a la mejor evidencia cient\u00edfica disponible y promoviendo el protagonismo de la mujer.<\/p>\n<p>Queremos resaltar la importancia de lo que algunos autores llaman <strong><span style=\"color: #ee7cab;\">\u201cempoderamiento de la mujer\u201d<\/span><\/strong>, devolverle su poder, protagonismo y su saber en las cuestiones de salud propias y de su familia; que en las \u00faltimas d\u00e9cadas coincidiendo con el desarrollo de los sistemas de atenci\u00f3n de salud los profesionales, en parte hemos usurpado, en parte se nos ha otorgado.<\/p>\n","protected":false},"excerpt":{"rendered":"ACOMPA\u00d1AR, AYUDAR, ESCUCHAR, EMPATIZAR A LA MUJER CONOCE QUE PODEMOS HACER POR TI El objeto de estas l\u00edneas es que las mujeres Navarras y sus familias conozcan un poquito m\u00e1s la Asociaci\u00f3n Navarra de Matronas; especialmente lo que las matronas pueden hacer por ayudar- acompa\u00f1ar profesionalmente a las mujeres; que las mujeres navarras y sus familias, conozcan nuestra aportaci\u00f3n como&nbsp;<a href=\"https:\/\/matronasdenavarra.com\/EU\/la-asociacion\/presentacion\/\" class=\"read-more\">Continue Reading<\/a>","protected":false},"author":3,"featured_media":0,"parent":1797,"menu_order":1,"comment_status":"open","ping_status":"closed","template":"page-la-asociacion.php","meta":{"footnotes":""},"class_list":["post-3020","page","type-page","status-publish","hentry"],"_links":{"self":[{"href":"https:\/\/matronasdenavarra.com\/EU\/wp-json\/wp\/v2\/pages\/3020","targetHints":{"allow":["GET"]}}],"collection":[{"href":"https:\/\/matronasdenavarra.com\/EU\/wp-json\/wp\/v2\/pages"}],"about":[{"href":"https:\/\/matronasdenavarra.com\/EU\/wp-json\/wp\/v2\/types\/page"}],"author":[{"embeddable":true,"href":"https:\/\/matronasdenavarra.com\/EU\/wp-json\/wp\/v2\/users\/3"}],"replies":[{"embeddable":true,"href":"https:\/\/matronasdenavarra.com\/EU\/wp-json\/wp\/v2\/comments?post=3020"}],"version-history":[{"count":10,"href":"https:\/\/matronasdenavarra.com\/EU\/wp-json\/wp\/v2\/pages\/3020\/revisions"}],"predecessor-version":[{"id":3656,"href":"https:\/\/matronasdenavarra.com\/EU\/wp-json\/wp\/v2\/pages\/3020\/revisions\/3656"}],"up":[{"embeddable":true,"href":"https:\/\/matronasdenavarra.com\/EU\/wp-json\/wp\/v2\/pages\/1797"}],"wp:attachment":[{"href":"https:\/\/matronasdenavarra.com\/EU\/wp-json\/wp\/v2\/media?parent=3020"}],"curies":[{"name":"wp","href":"https:\/\/api.w.org\/{rel}","templated":true}]}}