{"id":2697,"date":"2015-04-01T11:00:04","date_gmt":"2015-04-01T11:00:04","guid":{"rendered":"http:\/\/matronasdenavarra.com\/wp\/?page_id=2697"},"modified":"2016-05-03T06:26:49","modified_gmt":"2016-05-03T06:26:49","slug":"historia","status":"publish","type":"page","link":"https:\/\/matronasdenavarra.com\/EU\/la-asociacion\/historia\/","title":{"rendered":"Historia"},"content":{"rendered":"<h5>UNA PROFESI\u00d3N MILENARIA QUE HOY POR FIN ES RECONOCIDA E IMPRESCINDIBLE<\/h5>\n<p><a href=\"http:\/\/matronasdenavarra.com\/wp\/wp-content\/uploads\/2011\/07\/historia.jpg\"><img loading=\"lazy\" decoding=\"async\" class=\" wp-image-2888 size-full alignleft\" src=\"http:\/\/matronasdenavarra.com\/wp\/wp-content\/uploads\/2011\/07\/historia.jpg\" alt=\"\" width=\"400\" height=\"178\" srcset=\"https:\/\/matronasdenavarra.com\/wp-content\/uploads\/2011\/07\/historia.jpg 400w, https:\/\/matronasdenavarra.com\/wp-content\/uploads\/2011\/07\/historia-300x134.jpg 300w\" sizes=\"auto, (max-width: 400px) 100vw, 400px\" \/><\/a><\/p>\n<p style=\"text-align: justify;\">La asistencia al parto por una comadrona se cuenta <strong><span style=\"color: #ee7cab;\">entre las m\u00e1s antiguas profesiones del mundo<\/span><\/strong>, pero ha sido tambi\u00e9n una de las m\u00e1s afrentadas. El status social y cl\u00ednico de las comadronas griegas hacia el a\u00f1o 500 a. de J.C. era elevado, pero en la Europa occidental en \u00e9pocas premedievales las comadronas ocupaban una posici\u00f3n humilde y a menudo despreciada. Esta situaci\u00f3n relegada podr\u00eda atribuirse al bajo status de las mujeres. <strong><span style=\"color: #ee7cab;\">Gracias a este desarrollo de la profesi\u00f3n la matrona de nuestros d\u00edas ha ganado en competencia cl\u00ednica y conocimiento te\u00f3rico.<\/span><\/strong><\/p>\n<p style=\"text-align: justify;\">El cuidado diario sigue estando en manos de esta profesional, proporcionando cuidados integrales que pueden transformar el embarazo, el parto y puerperio en una experiencia positiva y llena de recompensas. <strong><span style=\"color: #ee7cab;\">Las matronas tenemos ante las mujeres la obligaci\u00f3n de procurar un ambiente que facilite que la experiencia del parto sea segura y satisfactoria<\/span><\/strong>.<\/p>\n<p style=\"text-align: justify;\">A comienzos del siglo XIX la profesi\u00f3n m\u00e9dica, ya exclusivamente masculina, se hizo altamente organizada e intent\u00f3 hacerse cargo de la asistencia al parto, causando que la comadrona tradicional pasara a un segundo plano. Algunas mujeres, conscientes de la muerte potencial de la comadrona, reconocieron su deber de organizarse pol\u00edtica y profesionalmente y por encima de todo, la necesidad de educarse, sosteniendo durante muchos a\u00f1os una larga batalla para lograr este fin.<\/p>\n<blockquote>\n<h6>Conoce la <span style=\"color: #ee7cab;\"> historia de la profesi\u00f3n de matrona<\/span> pinchando <strong><span style=\"color: #ee7cab;\"><a style=\"color: #ee7cab;\" title=\"Apuntes hist\u00f3ricos de la profesi\u00f3n de matrona\" href=\"\/wp-content\/uploads\/2015\/04\/historia.pdf\" target=\"_blank\">aqu\u00ed<\/a><\/span><\/strong><\/h6>\n<\/blockquote>\n","protected":false},"excerpt":{"rendered":"UNA PROFESI\u00d3N MILENARIA QUE HOY POR FIN ES RECONOCIDA E IMPRESCINDIBLE La asistencia al parto por una comadrona se cuenta entre las m\u00e1s antiguas profesiones del mundo, pero ha sido tambi\u00e9n una de las m\u00e1s afrentadas. El status social y cl\u00ednico de las comadronas griegas hacia el a\u00f1o 500 a. de J.C. era elevado, pero en la Europa occidental en&nbsp;<a href=\"https:\/\/matronasdenavarra.com\/EU\/la-asociacion\/historia\/\" class=\"read-more\">Continue Reading<\/a>","protected":false},"author":3,"featured_media":0,"parent":1797,"menu_order":5,"comment_status":"open","ping_status":"closed","template":"page-la-asociacion.php","meta":{"footnotes":""},"class_list":["post-2697","page","type-page","status-publish","hentry"],"_links":{"self":[{"href":"https:\/\/matronasdenavarra.com\/EU\/wp-json\/wp\/v2\/pages\/2697","targetHints":{"allow":["GET"]}}],"collection":[{"href":"https:\/\/matronasdenavarra.com\/EU\/wp-json\/wp\/v2\/pages"}],"about":[{"href":"https:\/\/matronasdenavarra.com\/EU\/wp-json\/wp\/v2\/types\/page"}],"author":[{"embeddable":true,"href":"https:\/\/matronasdenavarra.com\/EU\/wp-json\/wp\/v2\/users\/3"}],"replies":[{"embeddable":true,"href":"https:\/\/matronasdenavarra.com\/EU\/wp-json\/wp\/v2\/comments?post=2697"}],"version-history":[{"count":17,"href":"https:\/\/matronasdenavarra.com\/EU\/wp-json\/wp\/v2\/pages\/2697\/revisions"}],"predecessor-version":[{"id":3378,"href":"https:\/\/matronasdenavarra.com\/EU\/wp-json\/wp\/v2\/pages\/2697\/revisions\/3378"}],"up":[{"embeddable":true,"href":"https:\/\/matronasdenavarra.com\/EU\/wp-json\/wp\/v2\/pages\/1797"}],"wp:attachment":[{"href":"https:\/\/matronasdenavarra.com\/EU\/wp-json\/wp\/v2\/media?parent=2697"}],"curies":[{"name":"wp","href":"https:\/\/api.w.org\/{rel}","templated":true}]}}