{"id":14,"date":"2011-07-14T19:47:05","date_gmt":"2011-07-14T19:47:05","guid":{"rendered":"http:\/\/192.168.9.29\/Development\/TB\/?page_id=14"},"modified":"2016-05-13T08:35:33","modified_gmt":"2016-05-13T08:35:33","slug":"contacto","status":"publish","type":"page","link":"http:\/\/matronasdenavarra.com\/EU\/contacto\/","title":{"rendered":"Contacto"},"content":{"rendered":"<div class=\"row \">\n<div class=\"span4 \"><p><img loading=\"lazy\" decoding=\"async\" class=\"alignnone wp-image-3360 size-full\" src=\"http:\/\/matronasdenavarra.com\/wp\/wp-content\/uploads\/2011\/07\/contactonuevo.jpg\" alt=\"contactonuevo\" width=\"450\" height=\"350\" srcset=\"http:\/\/matronasdenavarra.com\/wp-content\/uploads\/2011\/07\/contactonuevo.jpg 450w, http:\/\/matronasdenavarra.com\/wp-content\/uploads\/2011\/07\/contactonuevo-300x233.jpg 300w\" sizes=\"auto, (max-width: 450px) 100vw, 450px\" \/><\/p><\/div>\n<div class=\"span4 \"><h5>M\u00e1s informaci\u00f3n<\/h5>\n<h5 id=\"pie\">C\/ Pintor Maeztu 4\u00a0- 1\u00b0 A 31008 Pamplona (Navarra)<\/h5>\n<h5>Tel. 676 75 12 25<\/h5>\n<p>Si deseas ampliar la informaci\u00f3n sobre la asociaci\u00f3n, hacerte socio o tienes cualquier duda, ponte en contacto con nosotros a trav\u00e9s de <a href=\"mailto:info@matronasdenavarra.com\">info@matronasdenavarra.com<\/a> y, a la mayor brevedad posible, nos pondremos en contacto contigo. Tambi\u00e9n puedes mandar tus dudas, opiniones o comentarios a trav\u00e9s del formulario.<br \/>\n<address>\n<strong><br \/>\nE-mail: <a href=\"mailto:info@matronasdenavarra.com\">info@matronasdenavarra.com<\/a><br \/>\n<\/address><!-- address (end) --><\/div>\n<div class=\"span4 \">\n<div class=\"wpcf7 no-js\" id=\"wpcf7-f7-o2\" lang=\"es-ES\" dir=\"ltr\" data-wpcf7-id=\"7\">\n<div class=\"screen-reader-response\"><p role=\"status\" aria-live=\"polite\" aria-atomic=\"true\"><\/p> <ul><\/ul><\/div>\n<form action=\"\/EU\/wp-json\/wp\/v2\/pages\/14#wpcf7-f7-o2\" method=\"post\" class=\"wpcf7-form init\" aria-label=\"Contact form\" novalidate=\"novalidate\" data-status=\"init\">\n<fieldset class=\"hidden-fields-container\"><input type=\"hidden\" name=\"_wpcf7\" value=\"7\" \/><input type=\"hidden\" name=\"_wpcf7_version\" value=\"6.1.1\" \/><input type=\"hidden\" name=\"_wpcf7_locale\" value=\"es_ES\" \/><input type=\"hidden\" name=\"_wpcf7_unit_tag\" value=\"wpcf7-f7-o2\" \/><input type=\"hidden\" name=\"_wpcf7_container_post\" value=\"0\" \/><input type=\"hidden\" name=\"_wpcf7_posted_data_hash\" value=\"\" \/><input type=\"hidden\" name=\"_wpcf7_recaptcha_response\" value=\"\" \/>\n<\/fieldset>\n<p>Nombre (requerido)\n<\/p>\n<p><span class=\"wpcf7-form-control-wrap\" data-name=\"your-name\"><input size=\"40\" maxlength=\"400\" class=\"wpcf7-form-control wpcf7-text wpcf7-validates-as-required\" aria-required=\"true\" aria-invalid=\"false\" value=\"\" type=\"text\" name=\"your-name\" \/><\/span>\n<\/p>\n<p>E-mail (requerido)\n<\/p>\n<p><span class=\"wpcf7-form-control-wrap\" data-name=\"your-email\"><input size=\"40\" maxlength=\"400\" class=\"wpcf7-form-control wpcf7-email wpcf7-validates-as-required wpcf7-text wpcf7-validates-as-email\" aria-required=\"true\" aria-invalid=\"false\" value=\"\" type=\"email\" name=\"your-email\" \/><\/span>\n<\/p>\n<p>Asunto\n<\/p>\n<p><span class=\"wpcf7-form-control-wrap\" data-name=\"your-subject\"><input size=\"40\" maxlength=\"400\" class=\"wpcf7-form-control wpcf7-text\" aria-invalid=\"false\" value=\"\" type=\"text\" name=\"your-subject\" \/><\/span>\n<\/p>\n<p>Mensaje\n<\/p>\n<p><span class=\"wpcf7-form-control-wrap\" data-name=\"your-message\"><textarea cols=\"40\" rows=\"10\" maxlength=\"2000\" class=\"wpcf7-form-control wpcf7-textarea\" aria-invalid=\"false\" name=\"your-message\"><\/textarea><\/span>\n<\/p>\n<p><input class=\"wpcf7-form-control wpcf7-submit has-spinner\" type=\"submit\" value=\"Enviar\" \/>\n<\/p><div class=\"wpcf7-response-output\" aria-hidden=\"true\"><\/div>\n<\/form>\n<\/div>\n<\/div>\n<\/div><!-- .row (end) --><\/strong>","protected":false},"excerpt":{"rendered":"","protected":false},"author":3,"featured_media":0,"parent":0,"menu_order":6,"comment_status":"open","ping_status":"closed","template":"page-fullwidth.php","meta":{"footnotes":""},"class_list":["post-14","page","type-page","status-publish","hentry"],"_links":{"self":[{"href":"http:\/\/matronasdenavarra.com\/EU\/wp-json\/wp\/v2\/pages\/14","targetHints":{"allow":["GET"]}}],"collection":[{"href":"http:\/\/matronasdenavarra.com\/EU\/wp-json\/wp\/v2\/pages"}],"about":[{"href":"http:\/\/matronasdenavarra.com\/EU\/wp-json\/wp\/v2\/types\/page"}],"author":[{"embeddable":true,"href":"http:\/\/matronasdenavarra.com\/EU\/wp-json\/wp\/v2\/users\/3"}],"replies":[{"embeddable":true,"href":"http:\/\/matronasdenavarra.com\/EU\/wp-json\/wp\/v2\/comments?post=14"}],"version-history":[{"count":21,"href":"http:\/\/matronasdenavarra.com\/EU\/wp-json\/wp\/v2\/pages\/14\/revisions"}],"predecessor-version":[{"id":3453,"href":"http:\/\/matronasdenavarra.com\/EU\/wp-json\/wp\/v2\/pages\/14\/revisions\/3453"}],"wp:attachment":[{"href":"http:\/\/matronasdenavarra.com\/EU\/wp-json\/wp\/v2\/media?parent=14"}],"curies":[{"name":"wp","href":"https:\/\/api.w.org\/{rel}","templated":true}]}}